{"id":2337,"date":"2025-10-01T16:18:53","date_gmt":"2025-10-01T09:18:53","guid":{"rendered":"https:\/\/www.uuwallet.cc\/?page_id=2337"},"modified":"2025-10-01T16:23:58","modified_gmt":"2025-10-01T09:23:58","slug":"elementor-2337","status":"publish","type":"page","link":"https:\/\/www.uuwallet.cc\/?page_id=2337&lang=vi","title":{"rendered":"Ho\u1ea1t \u0111\u1ed9ng\uff08Activity\uff09"},"content":{"rendered":"\t\t<div data-elementor-type=\"wp-page\" data-elementor-id=\"2337\" class=\"elementor elementor-2337\" data-elementor-post-type=\"page\">\n\t\t\t\t<div class=\"elementor-element elementor-element-cb26935 e-flex e-con-boxed e-con e-parent\" data-id=\"cb26935\" data-element_type=\"container\">\n\t\t\t\t\t<div class=\"e-con-inner\">\n\t\t\t\t<div class=\"elementor-element elementor-element-bb03a27 elementor-widget elementor-widget-heading\" data-id=\"bb03a27\" data-element_type=\"widget\" data-widget_type=\"heading.default\">\n\t\t\t\t\t<h2 class=\"elementor-heading-title elementor-size-default\">UU Wallet Pro - VN\n<br>\nho\u1ea1t \u0111\u1ed9ng<\/h2>\t\t\t\t<\/div>\n\t\t\t\t\t<\/div>\n\t\t\t\t<\/div>\n\t\t<div class=\"elementor-element elementor-element-f70b417 e-flex e-con-boxed e-con e-parent\" data-id=\"f70b417\" data-element_type=\"container\">\n\t\t\t\t\t<div class=\"e-con-inner\">\n\t\t\t\t<div class=\"elementor-element elementor-element-4828cc2 elementor-cta--skin-classic elementor-animated-content elementor-bg-transform elementor-bg-transform-zoom-in elementor-widget elementor-widget-call-to-action\" data-id=\"4828cc2\" data-element_type=\"widget\" data-widget_type=\"call-to-action.default\">\n\t\t\t\t\t\t\t<div class=\"elementor-cta\">\n\t\t\t\t\t<div class=\"elementor-cta__bg-wrapper\">\n\t\t\t\t<div class=\"elementor-cta__bg elementor-bg\" style=\"background-image: url(https:\/\/storage.goldenpay.cc\/uploads\/mch\/payout\/4613a01a3e.png);\" role=\"img\" aria-label=\"\"><\/div>\n\t\t\t\t<div class=\"elementor-cta__bg-overlay\"><\/div>\n\t\t\t<\/div>\n\t\t\t\t\t\t\t<div class=\"elementor-cta__content\">\n\t\t\t\t\n\t\t\t\t\t\t\t\t\t<h2 class=\"elementor-cta__title elementor-cta__content-item elementor-content-item\">\n\t\t\t\t\t\tGiao d\u1ecbch \u0111\u1ea7u ti\u00ean, nh\u1eadn th\u1ebb x2 (3h)\t\t\t\t\t<\/h2>\n\t\t\t\t\n\t\t\t\t\t\t\t\t\t<div class=\"elementor-cta__description elementor-cta__content-item elementor-content-item\">\n\t\t\t\t\t\tSau khi \u0111\u0103ng k\u00fd v\u00e0 x\u00e1c minh danh t\u00ednh,\nb\u1ea1n c\u00f3 th\u1ec3 d\u1ec5 d\u00e0ng mua b\u1ea5t k\u1ef3 s\u1ed1 l\u01b0\u1ee3ng USDT n\u00e0o v\u00e0 b\u00e1n ra.\nNg\u01b0\u1eddi d\u00f9ng m\u1edbi s\u1ebd ngay l\u1eadp t\u1ee9c nh\u1eadn \u0111\u01b0\u1ee3c th\u1ebb l\u1ee3i nhu\u1eadn g\u1ea5p \u0111\u00f4i trong 3 gi\u1edd.\t\t\t\t\t<\/div>\n\t\t\t\t\n\t\t\t\t\t\t\t\t\t<div class=\"elementor-cta__button-wrapper elementor-cta__content-item elementor-content-item \">\n\t\t\t\t\t<a class=\"elementor-cta__button elementor-button elementor-size-\" href=\"https:\/\/www.uuwallet.cc\/?page_id=1851&#038;lang=vi\">\n\t\t\t\t\t\t\u0e14\u0e32\u0e27\u0e19\u0e4c\u0e42\u0e2b\u0e25\u0e14\u0e41\u0e25\u0e30\u0e40\u0e02\u0e49\u0e32\u0e23\u0e48\u0e27\u0e21\t\t\t\t\t<\/a>\n\t\t\t\t\t<\/div>\n\t\t\t\t\t\t\t<\/div>\n\t\t\t\t\t\t\t<div class=\"elementor-ribbon\">\n\t\t\t\t<div class=\"elementor-ribbon-inner\">\n\t\t\t\t\tx2\t\t\t\t<\/div>\n\t\t\t<\/div>\n\t\t\t\t<\/div>\n\t\t\t\t\t\t<\/div>\n\t\t\t\t<div class=\"elementor-element elementor-element-b68a57e elementor-cta--skin-classic elementor-animated-content elementor-bg-transform elementor-bg-transform-zoom-in elementor-widget elementor-widget-call-to-action\" data-id=\"b68a57e\" data-element_type=\"widget\" data-widget_type=\"call-to-action.default\">\n\t\t\t\t\t\t\t<div class=\"elementor-cta\">\n\t\t\t\t\t<div class=\"elementor-cta__bg-wrapper\">\n\t\t\t\t<div class=\"elementor-cta__bg elementor-bg\" style=\"background-image: url(https:\/\/storage.goldenpay.cc\/uploads\/mch\/payout\/f8c7f9fbad.png);\" role=\"img\" aria-label=\"\"><\/div>\n\t\t\t\t<div class=\"elementor-cta__bg-overlay\"><\/div>\n\t\t\t<\/div>\n\t\t\t\t\t\t\t<div class=\"elementor-cta__content\">\n\t\t\t\t\n\t\t\t\t\t\t\t\t\t<h2 class=\"elementor-cta__title elementor-cta__content-item elementor-content-item\">\n\t\t\t\t\t\tM\u1eddi b\u1ea1n b\u00e8, t\u1ea1o \u0111\u1ed9i nh\u00f3m, nh\u1eadn ngay 50U!\t\t\t\t\t<\/h2>\n\t\t\t\t\n\t\t\t\t\t\t\t\t\t<div class=\"elementor-cta__description elementor-cta__content-item elementor-content-item\">\n\t\t\t\t\t\tNg\u01b0\u1eddi \u0111\u01b0\u1ee3c m\u1eddi ph\u1ea3i c\u00f3 l\u1ee3i nhu\u1eadn v\u01b0\u1ee3t qu\u00e1 1,5 tri\u1ec7u VND trong v\u00f2ng 7 ng\u00e0y sau khi \u0111\u0103ng k\u00fd th\u00ec m\u1edbi \u0111\u01b0\u1ee3c coi l\u00e0 ng\u01b0\u1eddi tham gia h\u1ee3p l\u1ec7.\t\t\t\t\t<\/div>\n\t\t\t\t\n\t\t\t\t\t\t\t\t\t<div class=\"elementor-cta__button-wrapper elementor-cta__content-item elementor-content-item \">\n\t\t\t\t\t<a class=\"elementor-cta__button elementor-button elementor-size-\" href=\"https:\/\/www.uuwallet.cc\/?page_id=1851&#038;lang=vi\">\n\t\t\t\t\t\t\u0e14\u0e32\u0e27\u0e19\u0e4c\u0e42\u0e2b\u0e25\u0e14\u0e41\u0e25\u0e30\u0e40\u0e02\u0e49\u0e32\u0e23\u0e48\u0e27\u0e21\t\t\t\t\t<\/a>\n\t\t\t\t\t<\/div>\n\t\t\t\t\t\t\t<\/div>\n\t\t\t\t\t\t\t<div class=\"elementor-ribbon elementor-ribbon-right\">\n\t\t\t\t<div class=\"elementor-ribbon-inner\">\n\t\t\t\t\t50 USDT\t\t\t\t<\/div>\n\t\t\t<\/div>\n\t\t\t\t<\/div>\n\t\t\t\t\t\t<\/div>\n\t\t\t\t<div class=\"elementor-element elementor-element-2401924 elementor-cta--skin-classic elementor-animated-content elementor-bg-transform elementor-bg-transform-zoom-in elementor-widget elementor-widget-call-to-action\" data-id=\"2401924\" data-element_type=\"widget\" data-widget_type=\"call-to-action.default\">\n\t\t\t\t\t\t\t<div class=\"elementor-cta\">\n\t\t\t\t\t<div class=\"elementor-cta__bg-wrapper\">\n\t\t\t\t<div class=\"elementor-cta__bg elementor-bg\" style=\"background-image: url(https:\/\/storage.goldenpay.cc\/uploads\/mch\/payout\/714c1bc06d.jpg);\" role=\"img\" aria-label=\"\"><\/div>\n\t\t\t\t<div class=\"elementor-cta__bg-overlay\"><\/div>\n\t\t\t<\/div>\n\t\t\t\t\t\t\t<div class=\"elementor-cta__content\">\n\t\t\t\t\n\t\t\t\t\t\t\t\t\t<h2 class=\"elementor-cta__title elementor-cta__content-item elementor-content-item\">\n\t\t\t\t\t\tX\u00e2y \u0111\u1ed9i nh\u00f3m \u2013 Nh\u1eadn 300U!\t\t\t\t\t<\/h2>\n\t\t\t\t\n\t\t\t\t\t\t\t\t\t<div class=\"elementor-cta__description elementor-cta__content-item elementor-content-item\">\n\t\t\t\t\t\tX\u00e2y d\u1ef1ng \u0111\u1ed9i nh\u00f3m c\u1ee7a ri\u00eang b\u1ea1n, t\u1ea1o ra ngu\u1ed3n thu nh\u1eadp th\u1ee5 \u0111\u1ed9ng th\u1ef1c s\u1ef1, \u0111\u1ec3 m\u1ed7i ng\u01b0\u1eddi \u0111\u1ec1u c\u00f3 th\u1ec3 n\u1ed7 l\u1ef1c theo \u0111u\u1ed5i \u01b0\u1edbc m\u01a1 c\u1ee7a m\u00ecnh.\t\t\t\t\t<\/div>\n\t\t\t\t\n\t\t\t\t\t\t\t\t\t<div class=\"elementor-cta__button-wrapper elementor-cta__content-item elementor-content-item \">\n\t\t\t\t\t<a class=\"elementor-cta__button elementor-button elementor-size-\" href=\"https:\/\/www.uuwallet.cc\/?page_id=1851&#038;lang=vi\">\n\t\t\t\t\t\t\u0e14\u0e32\u0e27\u0e19\u0e4c\u0e42\u0e2b\u0e25\u0e14\u0e41\u0e25\u0e30\u0e40\u0e02\u0e49\u0e32\u0e23\u0e48\u0e27\u0e21\t\t\t\t\t<\/a>\n\t\t\t\t\t<\/div>\n\t\t\t\t\t\t\t<\/div>\n\t\t\t\t\t\t\t<div class=\"elementor-ribbon\">\n\t\t\t\t<div class=\"elementor-ribbon-inner\">\n\t\t\t\t\t300 USDT\t\t\t\t<\/div>\n\t\t\t<\/div>\n\t\t\t\t<\/div>\n\t\t\t\t\t\t<\/div>\n\t\t\t\t\t<\/div>\n\t\t\t\t<\/div>\n\t\t\t\t<\/div>\n\t\t","protected":false},"excerpt":{"rendered":"<p>UU Wallet Pro &#8211; VN ho\u1ea1t \u0111\u1ed9ng Giao d\u1ecbch \u0111\u1ea7u ti\u00ean, nh\u1eadn th\u1ebb x2 (3h) Sau khi \u0111\u0103ng k\u00fd v\u00e0 x\u00e1c minh danh t\u00ednh, b\u1ea1n c\u00f3 th\u1ec3 d\u1ec5 d\u00e0ng mua b\u1ea5t k\u1ef3 s\u1ed1 l\u01b0\u1ee3ng USDT n\u00e0o v\u00e0 b\u00e1n ra. Ng\u01b0\u1eddi d\u00f9ng m\u1edbi s\u1ebd ngay l\u1eadp t\u1ee9c nh\u1eadn \u0111\u01b0\u1ee3c th\u1ebb l\u1ee3i nhu\u1eadn g\u1ea5p \u0111\u00f4i trong 3 [&hellip;]<\/p>\n","protected":false},"author":1,"featured_media":0,"parent":0,"menu_order":0,"comment_status":"closed","ping_status":"closed","template":"","meta":{"footnotes":""},"class_list":["post-2337","page","type-page","status-publish","hentry"],"yoast_head":"<!-- This site is optimized with the Yoast SEO plugin v25.6 - https:\/\/yoast.com\/wordpress\/plugins\/seo\/ -->\n<title>Ho\u1ea1t \u0111\u1ed9ng\uff08Activity\uff09 - UU Wallet Pro<\/title>\n<meta name=\"robots\" content=\"index, follow, max-snippet:-1, max-image-preview:large, max-video-preview:-1\" \/>\n<link rel=\"canonical\" href=\"https:\/\/www.uuwallet.cc\/?page_id=2337&lang=vi\" \/>\n<meta property=\"og:locale\" content=\"en_US\" \/>\n<meta property=\"og:type\" content=\"article\" \/>\n<meta property=\"og:title\" content=\"Ho\u1ea1t \u0111\u1ed9ng\uff08Activity\uff09 - UU Wallet Pro\" \/>\n<meta property=\"og:description\" content=\"UU Wallet Pro &#8211; VN ho\u1ea1t \u0111\u1ed9ng Giao d\u1ecbch \u0111\u1ea7u ti\u00ean, nh\u1eadn th\u1ebb x2 (3h) Sau khi \u0111\u0103ng k\u00fd v\u00e0 x\u00e1c minh danh t\u00ednh, b\u1ea1n c\u00f3 th\u1ec3 d\u1ec5 d\u00e0ng mua b\u1ea5t k\u1ef3 s\u1ed1 l\u01b0\u1ee3ng USDT n\u00e0o v\u00e0 b\u00e1n ra. Ng\u01b0\u1eddi d\u00f9ng m\u1edbi s\u1ebd ngay l\u1eadp t\u1ee9c nh\u1eadn \u0111\u01b0\u1ee3c th\u1ebb l\u1ee3i nhu\u1eadn g\u1ea5p \u0111\u00f4i trong 3 [&hellip;]\" \/>\n<meta property=\"og:url\" content=\"https:\/\/www.uuwallet.cc\/?page_id=2337&amp;lang=vi\" \/>\n<meta property=\"og:site_name\" content=\"UU Wallet Pro\" \/>\n<meta property=\"article:publisher\" content=\"https:\/\/www.facebook.com\/profile.php?id=100063574902639\" \/>\n<meta property=\"article:modified_time\" content=\"2025-10-01T09:23:58+00:00\" \/>\n<meta name=\"twitter:card\" content=\"summary_large_image\" \/>\n<meta name=\"twitter:label1\" content=\"Est. reading time\" \/>\n\t<meta name=\"twitter:data1\" content=\"1 minute\" \/>\n<script type=\"application\/ld+json\" class=\"yoast-schema-graph\">{\"@context\":\"https:\/\/schema.org\",\"@graph\":[{\"@type\":\"WebPage\",\"@id\":\"https:\/\/www.uuwallet.cc\/?page_id=2337&lang=vi\",\"url\":\"https:\/\/www.uuwallet.cc\/?page_id=2337&lang=vi\",\"name\":\"Ho\u1ea1t \u0111\u1ed9ng\uff08Activity\uff09 - UU Wallet Pro\",\"isPartOf\":{\"@id\":\"https:\/\/www.uuwallet.cc\/#website\"},\"datePublished\":\"2025-10-01T09:18:53+00:00\",\"dateModified\":\"2025-10-01T09:23:58+00:00\",\"breadcrumb\":{\"@id\":\"https:\/\/www.uuwallet.cc\/?page_id=2337&lang=vi#breadcrumb\"},\"inLanguage\":\"en-US\",\"potentialAction\":[{\"@type\":\"ReadAction\",\"target\":[\"https:\/\/www.uuwallet.cc\/?page_id=2337&lang=vi\"]}]},{\"@type\":\"BreadcrumbList\",\"@id\":\"https:\/\/www.uuwallet.cc\/?page_id=2337&lang=vi#breadcrumb\",\"itemListElement\":[{\"@type\":\"ListItem\",\"position\":1,\"name\":\"\u9996\u9875\",\"item\":\"https:\/\/www.uuwallet.cc\/?page_id=1340&lang=vi\"},{\"@type\":\"ListItem\",\"position\":2,\"name\":\"Ho\u1ea1t \u0111\u1ed9ng\uff08Activity\uff09\"}]},{\"@type\":\"WebSite\",\"@id\":\"https:\/\/www.uuwallet.cc\/#website\",\"url\":\"https:\/\/www.uuwallet.cc\/\",\"name\":\"UU Wallet Pro\",\"description\":\"UU Wallet Pro Official Site\",\"publisher\":{\"@id\":\"https:\/\/www.uuwallet.cc\/#organization\"},\"potentialAction\":[{\"@type\":\"SearchAction\",\"target\":{\"@type\":\"EntryPoint\",\"urlTemplate\":\"https:\/\/www.uuwallet.cc\/?s={search_term_string}\"},\"query-input\":{\"@type\":\"PropertyValueSpecification\",\"valueRequired\":true,\"valueName\":\"search_term_string\"}}],\"inLanguage\":\"en-US\"},{\"@type\":\"Organization\",\"@id\":\"https:\/\/www.uuwallet.cc\/#organization\",\"name\":\"UU Wallet Pro\",\"url\":\"https:\/\/www.uuwallet.cc\/\",\"logo\":{\"@type\":\"ImageObject\",\"inLanguage\":\"en-US\",\"@id\":\"https:\/\/www.uuwallet.cc\/#\/schema\/logo\/image\/\",\"url\":\"https:\/\/www.uuwallet.cc\/wp-content\/uploads\/2025\/08\/uu_logo_rounded_100x100-1.png\",\"contentUrl\":\"https:\/\/www.uuwallet.cc\/wp-content\/uploads\/2025\/08\/uu_logo_rounded_100x100-1.png\",\"width\":92,\"height\":92,\"caption\":\"UU Wallet Pro\"},\"image\":{\"@id\":\"https:\/\/www.uuwallet.cc\/#\/schema\/logo\/image\/\"},\"sameAs\":[\"https:\/\/www.facebook.com\/profile.php?id=100063574902639\",\"https:\/\/zalo.me\/0569303665\"]}]}<\/script>\n<!-- \/ Yoast SEO plugin. -->","yoast_head_json":{"title":"Ho\u1ea1t \u0111\u1ed9ng\uff08Activity\uff09 - UU Wallet Pro","robots":{"index":"index","follow":"follow","max-snippet":"max-snippet:-1","max-image-preview":"max-image-preview:large","max-video-preview":"max-video-preview:-1"},"canonical":"https:\/\/www.uuwallet.cc\/?page_id=2337&lang=vi","og_locale":"en_US","og_type":"article","og_title":"Ho\u1ea1t \u0111\u1ed9ng\uff08Activity\uff09 - UU Wallet Pro","og_description":"UU Wallet Pro &#8211; VN ho\u1ea1t \u0111\u1ed9ng Giao d\u1ecbch \u0111\u1ea7u ti\u00ean, nh\u1eadn th\u1ebb x2 (3h) Sau khi \u0111\u0103ng k\u00fd v\u00e0 x\u00e1c minh danh t\u00ednh, b\u1ea1n c\u00f3 th\u1ec3 d\u1ec5 d\u00e0ng mua b\u1ea5t k\u1ef3 s\u1ed1 l\u01b0\u1ee3ng USDT n\u00e0o v\u00e0 b\u00e1n ra. Ng\u01b0\u1eddi d\u00f9ng m\u1edbi s\u1ebd ngay l\u1eadp t\u1ee9c nh\u1eadn \u0111\u01b0\u1ee3c th\u1ebb l\u1ee3i nhu\u1eadn g\u1ea5p \u0111\u00f4i trong 3 [&hellip;]","og_url":"https:\/\/www.uuwallet.cc\/?page_id=2337&lang=vi","og_site_name":"UU Wallet Pro","article_publisher":"https:\/\/www.facebook.com\/profile.php?id=100063574902639","article_modified_time":"2025-10-01T09:23:58+00:00","twitter_card":"summary_large_image","twitter_misc":{"Est. reading time":"1 minute"},"schema":{"@context":"https:\/\/schema.org","@graph":[{"@type":"WebPage","@id":"https:\/\/www.uuwallet.cc\/?page_id=2337&lang=vi","url":"https:\/\/www.uuwallet.cc\/?page_id=2337&lang=vi","name":"Ho\u1ea1t \u0111\u1ed9ng\uff08Activity\uff09 - UU Wallet Pro","isPartOf":{"@id":"https:\/\/www.uuwallet.cc\/#website"},"datePublished":"2025-10-01T09:18:53+00:00","dateModified":"2025-10-01T09:23:58+00:00","breadcrumb":{"@id":"https:\/\/www.uuwallet.cc\/?page_id=2337&lang=vi#breadcrumb"},"inLanguage":"en-US","potentialAction":[{"@type":"ReadAction","target":["https:\/\/www.uuwallet.cc\/?page_id=2337&lang=vi"]}]},{"@type":"BreadcrumbList","@id":"https:\/\/www.uuwallet.cc\/?page_id=2337&lang=vi#breadcrumb","itemListElement":[{"@type":"ListItem","position":1,"name":"\u9996\u9875","item":"https:\/\/www.uuwallet.cc\/?page_id=1340&lang=vi"},{"@type":"ListItem","position":2,"name":"Ho\u1ea1t \u0111\u1ed9ng\uff08Activity\uff09"}]},{"@type":"WebSite","@id":"https:\/\/www.uuwallet.cc\/#website","url":"https:\/\/www.uuwallet.cc\/","name":"UU Wallet Pro","description":"UU Wallet Pro Official Site","publisher":{"@id":"https:\/\/www.uuwallet.cc\/#organization"},"potentialAction":[{"@type":"SearchAction","target":{"@type":"EntryPoint","urlTemplate":"https:\/\/www.uuwallet.cc\/?s={search_term_string}"},"query-input":{"@type":"PropertyValueSpecification","valueRequired":true,"valueName":"search_term_string"}}],"inLanguage":"en-US"},{"@type":"Organization","@id":"https:\/\/www.uuwallet.cc\/#organization","name":"UU Wallet Pro","url":"https:\/\/www.uuwallet.cc\/","logo":{"@type":"ImageObject","inLanguage":"en-US","@id":"https:\/\/www.uuwallet.cc\/#\/schema\/logo\/image\/","url":"https:\/\/www.uuwallet.cc\/wp-content\/uploads\/2025\/08\/uu_logo_rounded_100x100-1.png","contentUrl":"https:\/\/www.uuwallet.cc\/wp-content\/uploads\/2025\/08\/uu_logo_rounded_100x100-1.png","width":92,"height":92,"caption":"UU Wallet Pro"},"image":{"@id":"https:\/\/www.uuwallet.cc\/#\/schema\/logo\/image\/"},"sameAs":["https:\/\/www.facebook.com\/profile.php?id=100063574902639","https:\/\/zalo.me\/0569303665"]}]}},"_links":{"self":[{"href":"https:\/\/www.uuwallet.cc\/index.php?rest_route=\/wp\/v2\/pages\/2337","targetHints":{"allow":["GET"]}}],"collection":[{"href":"https:\/\/www.uuwallet.cc\/index.php?rest_route=\/wp\/v2\/pages"}],"about":[{"href":"https:\/\/www.uuwallet.cc\/index.php?rest_route=\/wp\/v2\/types\/page"}],"author":[{"embeddable":true,"href":"https:\/\/www.uuwallet.cc\/index.php?rest_route=\/wp\/v2\/users\/1"}],"replies":[{"embeddable":true,"href":"https:\/\/www.uuwallet.cc\/index.php?rest_route=%2Fwp%2Fv2%2Fcomments&post=2337"}],"version-history":[{"count":8,"href":"https:\/\/www.uuwallet.cc\/index.php?rest_route=\/wp\/v2\/pages\/2337\/revisions"}],"predecessor-version":[{"id":2345,"href":"https:\/\/www.uuwallet.cc\/index.php?rest_route=\/wp\/v2\/pages\/2337\/revisions\/2345"}],"wp:attachment":[{"href":"https:\/\/www.uuwallet.cc\/index.php?rest_route=%2Fwp%2Fv2%2Fmedia&parent=2337"}],"curies":[{"name":"wp","href":"https:\/\/api.w.org\/{rel}","templated":true}]}}